{"id":1624,"date":"2023-06-13T09:22:46","date_gmt":"2023-06-13T09:22:46","guid":{"rendered":"https:\/\/nhs-swiss.com\/fr\/?page_id=1624"},"modified":"2024-03-30T18:23:18","modified_gmt":"2024-03-30T18:23:18","slug":"proteines-vegetales","status":"publish","type":"page","link":"https:\/\/nhs-swiss.com\/fr\/produits\/proteines-vegetales\/","title":{"rendered":"Prot\u00e9ines V\u00e9g\u00e9tales"},"content":{"rendered":"<p>[et_pb_section fb_built=&#8221;1&#8243; custom_padding_last_edited=&#8221;on|phone&#8221; _builder_version=&#8221;4.21.0&#8243; _module_preset=&#8221;default&#8221; background_image=&#8221;https:\/\/nhs-swiss.com\/fr\/wp-content\/uploads\/2022\/05\/banner.jpg&#8221; custom_padding=&#8221;20vh||20vh||true|false&#8221; custom_padding_tablet=&#8221;12vh||12vh||true|false&#8221; custom_padding_phone=&#8221;6vh||6vh||true|false&#8221; da_disable_devices=&#8221;off|off|off&#8221; locked=&#8221;off&#8221; global_colors_info=&#8221;{}&#8221; da_is_popup=&#8221;off&#8221; da_exit_intent=&#8221;off&#8221; da_has_close=&#8221;on&#8221; da_alt_close=&#8221;off&#8221; da_dark_close=&#8221;off&#8221; da_not_modal=&#8221;on&#8221; da_is_singular=&#8221;off&#8221; da_with_loader=&#8221;off&#8221; da_has_shadow=&#8221;on&#8221;][et_pb_row _builder_version=&#8221;4.21.2&#8243; _module_preset=&#8221;default&#8221; global_module=&#8221;1797&#8243; saved_tabs=&#8221;all&#8221; locked=&#8221;off&#8221; global_colors_info=&#8221;{}&#8221;][et_pb_column type=&#8221;4_4&#8243; _builder_version=&#8221;4.21.2&#8243; _module_preset=&#8221;default&#8221; global_colors_info=&#8221;{}&#8221;][et_pb_text _builder_version=&#8221;4.21.2&#8243; _dynamic_attributes=&#8221;content&#8221; _module_preset=&#8221;default&#8221; header_font=&#8221;|600|||||||&#8221; header_text_align=&#8221;center&#8221; header_text_color=&#8221;#FFFFFF&#8221; header_2_font=&#8221;|800|||||||&#8221; header_2_font_size=&#8221;80px&#8221; header_3_font=&#8221;|800|||||||&#8221; header_3_font_size=&#8221;80px&#8221; header_4_font=&#8221;|800|||||||&#8221; header_4_font_size=&#8221;80px&#8221; header_5_font=&#8221;|800|||||||&#8221; header_5_font_size=&#8221;80px&#8221; header_6_font=&#8221;|800|||||||&#8221; header_6_font_size=&#8221;80px&#8221; custom_margin=&#8221;||20px||false|false&#8221; custom_margin_tablet=&#8221;||10px||false|false&#8221; custom_margin_phone=&#8221;&#8221; custom_margin_last_edited=&#8221;on|phone&#8221; header_text_align_tablet=&#8221;left&#8221; header_text_align_phone=&#8221;&#8221; header_text_align_last_edited=&#8221;on|phone&#8221; header_font_size_tablet=&#8221;45px&#8221; header_font_size_phone=&#8221;30px&#8221; header_font_size_last_edited=&#8221;on|phone&#8221; header_2_font_size_tablet=&#8221;45px&#8221; header_2_font_size_phone=&#8221;34px&#8221; header_2_font_size_last_edited=&#8221;on|phone&#8221; header_3_font_size_tablet=&#8221;45px&#8221; header_3_font_size_phone=&#8221;34px&#8221; header_3_font_size_last_edited=&#8221;on|phone&#8221; header_4_font_size_tablet=&#8221;45px&#8221; header_4_font_size_phone=&#8221;34px&#8221; header_4_font_size_last_edited=&#8221;on|phone&#8221; header_5_font_size_tablet=&#8221;45px&#8221; header_5_font_size_phone=&#8221;34px&#8221; header_5_font_size_last_edited=&#8221;on|phone&#8221; header_6_font_size_tablet=&#8221;45px&#8221; header_6_font_size_phone=&#8221;34px&#8221; header_6_font_size_last_edited=&#8221;on|phone&#8221; global_colors_info=&#8221;{}&#8221;]@ET-DC@eyJkeW5hbWljIjp0cnVlLCJjb250ZW50IjoicG9zdF90aXRsZSIsInNldHRpbmdzIjp7ImJlZm9yZSI6IjxoMT4iLCJhZnRlciI6IjwvaDE+In19@[\/et_pb_text][dsm_breadcrumbs home_text=&#8221;Accueil&#8221; show_home_icon=&#8221;off&#8221; align=&#8221;center&#8221; align_tablet=&#8221;left&#8221; align_phone=&#8221;left&#8221; align_last_edited=&#8221;on|tablet&#8221; _builder_version=&#8221;4.21.2&#8243; _module_preset=&#8221;default&#8221; items_text_color=&#8221;#FFFFFF&#8221; items_font_size=&#8221;16px&#8221; items_line_height=&#8221;1.4em&#8221; separators_text_color=&#8221;#FFFFFF&#8221; separators_font_size=&#8221;16px&#8221; current_text_color=&#8221;#FFFFFF&#8221; current_font_size=&#8221;16px&#8221; current_line_height=&#8221;1.5em&#8221; global_colors_info=&#8221;{}&#8221;][\/dsm_breadcrumbs][\/et_pb_column][\/et_pb_row][\/et_pb_section][et_pb_section fb_built=&#8221;1&#8243; fullwidth=&#8221;on&#8221; admin_label=&#8221;shape&#8221; _builder_version=&#8221;4.17.4&#8243; _module_preset=&#8221;default&#8221; da_disable_devices=&#8221;off|off|off&#8221; locked=&#8221;off&#8221; collapsed=&#8221;on&#8221; global_colors_info=&#8221;{}&#8221; da_is_popup=&#8221;off&#8221; da_exit_intent=&#8221;off&#8221; da_has_close=&#8221;on&#8221; da_alt_close=&#8221;off&#8221; da_dark_close=&#8221;off&#8221; da_not_modal=&#8221;on&#8221; da_is_singular=&#8221;off&#8221; da_with_loader=&#8221;off&#8221; da_has_shadow=&#8221;on&#8221;][et_pb_fullwidth_image src=&#8221;https:\/\/nhs-swiss.com\/fr\/wp-content\/uploads\/2023\/07\/leaf-shape-orange-12.png&#8221; alt=&#8221;Shape Down orange&#8221; title_text=&#8221;leaf-shape-orange-12&#8243; _builder_version=&#8221;4.21.2&#8243; _module_preset=&#8221;default&#8221; positioning=&#8221;absolute&#8221; position_origin_a=&#8221;bottom_center&#8221; z_index=&#8221;500&#8243; width=&#8221;100%&#8221; global_colors_info=&#8221;{}&#8221;][\/et_pb_fullwidth_image][\/et_pb_section][et_pb_section fb_built=&#8221;1&#8243; disabled_on=&#8221;off|off|off&#8221; admin_label=&#8221;Service Section&#8221; _builder_version=&#8221;4.21.2&#8243; _module_preset=&#8221;default&#8221; animation_style=&#8221;fade&#8221; da_disable_devices=&#8221;off|off|off&#8221; locked=&#8221;off&#8221; global_colors_info=&#8221;{}&#8221; da_is_popup=&#8221;off&#8221; da_exit_intent=&#8221;off&#8221; da_has_close=&#8221;on&#8221; da_alt_close=&#8221;off&#8221; da_dark_close=&#8221;off&#8221; da_not_modal=&#8221;on&#8221; da_is_singular=&#8221;off&#8221; da_with_loader=&#8221;off&#8221; da_has_shadow=&#8221;on&#8221;][et_pb_row custom_padding_last_edited=&#8221;on|tablet&#8221; disabled_on=&#8221;off|off|off&#8221; _builder_version=&#8221;4.21.0&#8243; _module_preset=&#8221;default&#8221; custom_margin=&#8221;0px||||false|false&#8221; custom_padding=&#8221;||0px||false|false&#8221; custom_padding_tablet=&#8221;0px||||false|false&#8221; custom_padding_phone=&#8221;0px||0px||true|false&#8221; global_module=&#8221;2252&#8243; saved_tabs=&#8221;all&#8221; locked=&#8221;off&#8221; global_colors_info=&#8221;{}&#8221;][et_pb_column type=&#8221;4_4&#8243; _builder_version=&#8221;4.17.4&#8243; _module_preset=&#8221;default&#8221; global_colors_info=&#8221;{}&#8221;][et_pb_text _builder_version=&#8221;4.21.2&#8243; _module_preset=&#8221;default&#8221; header_font=&#8221;Arial||||||||&#8221; header_2_font=&#8221;|600|||||||&#8221; header_2_text_align=&#8221;center&#8221; header_2_text_color=&#8221;gcid-582f94ee-3434-4eed-83a6-24e16aa29122&#8243; header_2_font_size=&#8221;50px&#8221; custom_margin=&#8221;||0px||false|false&#8221; header_2_text_align_tablet=&#8221;left&#8221; header_2_text_align_phone=&#8221;left&#8221; header_2_text_align_last_edited=&#8221;on|tablet&#8221; header_2_font_size_tablet=&#8221;40px&#8221; header_2_font_size_phone=&#8221;30px&#8221; header_2_font_size_last_edited=&#8221;on|phone&#8221; locked=&#8221;off&#8221; global_colors_info=&#8221;{%22gcid-582f94ee-3434-4eed-83a6-24e16aa29122%22:%91%22header_2_text_color%22,%22header_2_text_color%22%93}&#8221;]<\/p>\n<h2>Nos Ingredients<\/h2>\n<p>[\/et_pb_text][\/et_pb_column][\/et_pb_row][et_pb_row custom_padding_last_edited=&#8221;on|phone&#8221; _builder_version=&#8221;4.21.2&#8243; _module_preset=&#8221;default&#8221; custom_padding_tablet=&#8221;&#8221; custom_padding_phone=&#8221;10px||0px||false|false&#8221; custom_css_main_element=&#8221;align-items:center;&#8221; global_colors_info=&#8221;{}&#8221;][et_pb_column type=&#8221;4_4&#8243; _builder_version=&#8221;4.21.0&#8243; _module_preset=&#8221;default&#8221; global_colors_info=&#8221;{}&#8221;][et_pb_code raw_content_tablet=&#8221;<\/p>\n<div class=%22parent%22 id=%22parent%22>\n<div class=%22child%22>\n<div class=%22card1%22>\n<h4 class=%22titleTxt%22>Prot\u00e9ine de Citrouille<br \/>\n\t\t <\/h4>\n<p>\t\t <a class=%22enquire enquire-now%22id=%22enquire1%22 >Renseignez-vous maintenant<i class=%22fa-solid fa-arrow-right%22><\/i><\/a>\n   <\/div>\n<\/p><\/div>\n<div class=%22child%22>\n<div class=%22card1%22>\n<h4 class=%22titleTxt%22> Prot\u00e9ine de Soja<br \/>\n\t\t <\/h4>\n<p>\t\t <a class=%22enquire enquire-now%22id=%22enquire2%22 >Renseignez-vous maintenant <i class=%22fa-solid fa-arrow-right%22><\/i><\/a>\n   <\/div>\n<\/p><\/div>\n<div class=%22child%22>\n<div class=%22card1%22>\n<h4 class=%22titleTxt%22>Prot\u00e9ine de Pois<br \/>\n\t\t <\/h4>\n<p>\t\t <a class=%22enquire enquire-now%22id=%22enquire3%22 >Renseignez-vous maintenant <i class=%22fa-solid fa-arrow-right%22><\/i><\/a>\n   <\/div>\n<\/p><\/div>\n<div class=%22child%22>\n<div class=%22card1%22>\n<h4 class=%22titleTxt%22> Spiruline<br \/>\n\t\t <\/h4>\n<p>\t\t <a class=%22enquire enquire-now%22 id=%22enquire4%22 >Renseignez-vous maintenant <i class=%22fa-solid fa-arrow-right%22><\/i><\/a>\n   <\/div>\n<\/p><\/div>\n<\/p><\/div>\n<p>&#8221; raw_content_phone=&#8221;<\/p>\n<div class=%22parent%22 id=%22parent%22>\n<div class=%22child%22>\n<div class=%22card1%22>\n<h4 class=%22titleTxt%22>Prot\u00e9ine de Citrouille<br \/>\n\t\t <\/h4>\n<p>\t\t <a class=%22enquire enquire-now%22id=%22enquire1%22 >Renseignez-vous maintenant<i class=%22fa-solid fa-arrow-right%22><\/i><\/a>\n   <\/div>\n<\/p><\/div>\n<div class=%22child%22>\n<div class=%22card1%22>\n<h4 class=%22titleTxt%22> Prot\u00e9ine de Soja<br \/>\n\t\t <\/h4>\n<p>\t\t <a class=%22enquire enquire-now%22id=%22enquire2%22 >Renseignez-vous maintenant <i class=%22fa-solid fa-arrow-right%22><\/i><\/a>\n   <\/div>\n<\/p><\/div>\n<div class=%22child%22>\n<div class=%22card1%22>\n<h4 class=%22titleTxt%22>Prot\u00e9ine de Pois<br \/>\n\t\t <\/h4>\n<p>\t\t <a class=%22enquire enquire-now%22id=%22enquire3%22 >Renseignez-vous maintenant <i class=%22fa-solid fa-arrow-right%22><\/i><\/a>\n   <\/div>\n<\/p><\/div>\n<div class=%22child%22>\n<div class=%22card1%22>\n<h4 class=%22titleTxt%22> Spiruline<br \/>\n\t\t <\/h4>\n<p>\t\t <a class=%22enquire enquire-now%22 id=%22enquire4%22 >Renseignez-vous maintenant <i class=%22fa-solid fa-arrow-right%22><\/i><\/a>\n   <\/div>\n<\/p><\/div>\n<\/p><\/div>\n<p>&#8221; raw_content_last_edited=&#8221;on|phone&#8221; _builder_version=&#8221;4.21.2&#8243; _module_preset=&#8221;default&#8221; hover_enabled=&#8221;0&#8243; custom_css_main_element=&#8221;.parent {||  display: flex;||  flex-wrap: wrap; ||}||||.child {||  flex: 1 0 21%; ||  margin:15px;||  text-align: center;||  width: 100%;||}||.card1{||  border-radius: 5px;||  overflow: hidden;||  padding: 30px 20px;||  box-shadow: 0px 2px 18px 0px rgba(12,113,195,0.17);||  min-height:140px;||}||.titleTxt {||  font-family: &#8216;Arial&#8217;,Poppins,Helvetica,Lucida,sans-serif;||    font-weight: 600;||    font-size: 20px;||    color:#02322b!important;||    line-height: 1.2em;||    text-align: center;||}||.enquire {||  font-size: 16px;||  color:#627d03||}||.enquire:hover {||  font-size: 16px;||  color:#d86000||}||.enquire i{||display:none;||}||.enquire:hover i{||display: inline-block;||}.parent {||  display: flex;||  flex-wrap: wrap; ||}||||.child {||  flex: 1 0 21%; ||  margin:15px;||  text-align: center;||  width: 100%;||}||.card1{||  border-radius: 5px;||  overflow: hidden;||  padding: 30px 20px;||  box-shadow: 0px 2px 18px 0px rgba(12,113,195,0.17);||  min-height:140px;||}||.titleTxt {||  font-family: &#8216;Arial&#8217;,Poppins,Helvetica,Lucida,sans-serif;||    font-weight: 600;||    font-size: 20px;||    color:#02322b!important;||    line-height: 1.2em;||    text-align: center;||}||.enquire {||  font-size: 16px;||  color:#627d03||}||.enquire:hover {||  font-size: 16px;||  color:#d86000||}||.enquire i{||display:none;||}||.enquire:hover i{||display: inline-block;||}.parent {||  display: flex;||  flex-wrap: wrap; ||}||||.child {||  flex: 1 0 21%; ||  margin:15px;||  text-align: center;||  width: 100%;||}||.card1{||  border-radius: 5px;||  overflow: hidden;||  padding: 30px 20px;||  box-shadow: 0px 2px 18px 0px rgba(12,113,195,0.17);||  min-height:140px;||}||.titleTxt {||  font-family: &#8216;Arial&#8217;,Poppins,Helvetica,Lucida,sans-serif;||    font-weight: 600;||    font-size: 20px;||    color:#02322b!important;||    line-height: 1.2em;||    text-align: center;||}||.enquire {||  font-size: 16px;||  color:#627d03||}||.enquire:hover {||  font-size: 16px;||  color:#d86000||}||.enquire i{||display:none;||}||.enquire:hover i{||display: inline-block;||}.parent {||  display: flex;||  flex-wrap: wrap; ||}||||.child {||  flex: 1 0 21%; ||  margin:15px;||  text-align: center;||  width: 100%;||}||.card1{||  border-radius: 5px;||  overflow: hidden;||  padding: 30px 20px;||  box-shadow: 0px 2px 18px 0px rgba(12,113,195,0.17);||  min-height:140px;||}||.titleTxt {||  font-family: &#8216;Arial&#8217;,Poppins,Helvetica,Lucida,sans-serif;||    font-weight: 600;||    font-size: 20px;||    color:#02322b!important;||    line-height: 1.2em;||    text-align: center;||}||.enquire {||  font-size: 16px;||  color:#627d03||}||.enquire:hover {||  font-size: 16px;||  color:#d86000||}||.enquire i{||display:none;||}||.enquire:hover i{||display: inline-block;||}.parent {||  display: flex;||  flex-wrap: wrap; ||}||||.child {||  flex: 1 0 21%; ||  margin:15px;||  text-align: center;||  width: 100%;||}||.card1{||  border-radius: 5px;||  overflow: hidden;||  padding: 30px 20px;||  box-shadow: 0px 2px 18px 0px rgba(12,113,195,0.17);||  min-height:140px;||}||.titleTxt {||  font-family: &#8216;Arial&#8217;,Poppins,Helvetica,Lucida,sans-serif;||    font-weight: 600;||    font-size: 20px;||    color:#02322b!important;||    line-height: 1.2em;||    text-align: center;||}||.enquire {||  font-size: 16px;||  color:#627d03||}||.enquire:hover {||  font-size: 16px;||  color:#d86000||}||.enquire i{||display:none;||}||.enquire:hover i{||display: inline-block;||}.parent {||  display: flex;||  flex-wrap: wrap; ||}||||.child {||  flex: 1 0 21%; ||  margin:15px;||  text-align: center;||  width: 100%;||}||.card1{||  border-radius: 5px;||  overflow: hidden;||  padding: 30px 20px;||  box-shadow: 0px 2px 18px 0px rgba(12,113,195,0.17);||  min-height:140px;||}||.titleTxt {||  font-family: &#8216;Arial&#8217;,Poppins,Helvetica,Lucida,sans-serif;||    font-weight: 600;||    font-size: 20px;||    color:#02322b!important;||    line-height: 1.2em;||    text-align: center;||}||.enquire {||  font-size: 16px;||  color:#627d03||}||.enquire:hover {||  font-size: 16px;||  color:#d86000||}||.enquire i{||display:none;||}||.enquire:hover i{||display: inline-block;||}.parent {||  display: flex;||  flex-wrap: wrap; ||}||||.child {||  flex: 1 0 21%; ||  margin:15px;||  text-align: center;||  width: 100%;||}||.card1{||  border-radius: 5px;||  overflow: hidden;||  padding: 30px 20px;||  box-shadow: 0px 2px 18px 0px rgba(12,113,195,0.17);||  min-height:140px;||}||.titleTxt {||  font-family: &#8216;Arial&#8217;,Poppins,Helvetica,Lucida,sans-serif;||    font-weight: 600;||    font-size: 20px;||    color:#02322b!important;||    line-height: 1.2em;||    text-align: center;||}||.enquire {||  font-size: 16px;||  color:#627d03||}||.enquire:hover {||  font-size: 16px;||  color:#d86000||}||.enquire i{||display:none;||}||.enquire:hover i{||display: inline-block;||}.parent {||  display: flex;||  flex-wrap: wrap; ||}||||.child {||  flex: 1 0 21%; ||  margin:15px;||  text-align: center;||  width: 100%;||}||.card1{||  border-radius: 5px;||  overflow: hidden;||  padding: 30px 20px;||  box-shadow: 0px 2px 18px 0px rgba(12,113,195,0.17);||  min-height:140px;||}||.titleTxt {||  font-family: &#8216;Arial&#8217;,Poppins,Helvetica,Lucida,sans-serif;||    font-weight: 600;||    font-size: 20px;||    color:#02322b!important;||    line-height: 1.2em;||    text-align: center;||}||.enquire {||  font-size: 16px;||  color:#627d03||}||.enquire:hover {||  font-size: 16px;||  color:#d86000||}||.enquire i{||display:none;||}||.enquire:hover i{||display: inline-block;||}&#8221; global_colors_info=&#8221;{}&#8221; custom_css_main_element_last_edited=&#8221;on|phone&#8221; custom_css_main_element_tablet=&#8221;.parent {||  display: flex;||  flex-wrap: wrap; ||}||||.child {||  flex: 1 0 40%; ||  margin:15px;||  text-align: center;||  width: 100%;||}||.card1{||  border-radius: 5px;||  overflow: hidden;||  padding: 30px 20px;||  box-shadow: 0px 2px 18px 0px rgba(12,113,195,0.17);||  min-height:140px;||}||.titleTxt {||  font-family: &#8216;Poppins&#8217;,Helvetica,Arial,Lucida,sans-serif;||    font-weight: 600;||    font-size: 20px;||    color: #000000!important;||    line-height: 1.2em;||    text-align: center;||}||.enquire {||  font-size: 16px;||  color: #517400;||}||.enquire:hover {||  font-size: 16px;||  color: #EE7325;||}||.enquire i{||display:none;||}||.enquire:hover i{||display: inline-block;||}&#8221; custom_css_main_element_phone=&#8221;.parent {||  display: flex;||  flex-wrap: wrap; ||}||||.child {||  flex: 1 0 50%; ||  margin:15px;||  text-align: center;||  width: 100%;||}||.card1{||  border-radius: 5px;||  overflow: hidden;||  padding: 30px 20px;||  box-shadow: 0px 2px 18px 0px rgba(12,113,195,0.17);||  min-height:140px;||}||.titleTxt {||  font-family: &#8216;Poppins&#8217;,Helvetica,Arial,Lucida,sans-serif;||    font-weight: 600;||    font-size: 20px;||    color: #000000!important;||    line-height: 1.2em;||    text-align: center;||}||.enquire {||  font-size: 16px;||  color: #517400;||}||.enquire:hover {||  font-size: 16px;||  color: #EE7325;||}||.enquire i{||display:none;||}||.enquire:hover i{||display: inline-block;||}&#8221; sticky_enabled=&#8221;0&#8243;]<\/p>\n<div class=\"parent\" id=\"parent\"><!-- [et_pb_line_break_holder] -->\t<\/p>\n<div class=\"child\"> <!-- [et_pb_line_break_holder] -->\t <\/p>\n<div class=\"card1\"><!-- [et_pb_line_break_holder] -->\t\t <\/p>\n<h4 class=\"titleTxt\">Prot\u00e9ine de Citrouille<!\u2013- [et_pb_br_holder] -\u2013><!-- [et_pb_line_break_holder] -->\t\t <\/h4>\n<p><!-- [et_pb_line_break_holder] -->\t\t <a class=\"enquire enquire-now\"id=\"enquire1\" >Renseignez-vous maintenant<i class=\"fa-solid fa-arrow-right\"><\/i><\/a><!-- [et_pb_line_break_holder] -->   <\/div>\n<p><!-- [et_pb_line_break_holder] -->   <\/div>\n<p><!-- [et_pb_line_break_holder] -->   <\/p>\n<div class=\"child\">   <!-- [et_pb_line_break_holder] -->\t <\/p>\n<div class=\"card1\"><!-- [et_pb_line_break_holder] -->\t\t <\/p>\n<h4 class=\"titleTxt\"> Prot\u00e9ine de Soja<!\u2013- [et_pb_br_holder] -\u2013><!-- [et_pb_line_break_holder] -->\t\t <\/h4>\n<p><!-- [et_pb_line_break_holder] -->\t\t <a class=\"enquire enquire-now\"id=\"enquire2\" >Renseignez-vous maintenant <i class=\"fa-solid fa-arrow-right\"><\/i><\/a><!-- [et_pb_line_break_holder] -->   <\/div>\n<p><!-- [et_pb_line_break_holder] -->   <\/div>\n<p><!-- [et_pb_line_break_holder] -->   <\/p>\n<div class=\"child\"><!-- [et_pb_line_break_holder] -->   <\/p>\n<div class=\"card1\"><!-- [et_pb_line_break_holder] -->\t\t <\/p>\n<h4 class=\"titleTxt\">Prot\u00e9ine de Pois<!\u2013- [et_pb_br_holder] -\u2013><!-- [et_pb_line_break_holder] -->\t\t <\/h4>\n<p><!-- [et_pb_line_break_holder] -->\t\t <a class=\"enquire enquire-now\"id=\"enquire3\" >Renseignez-vous maintenant <i class=\"fa-solid fa-arrow-right\"><\/i><\/a><!-- [et_pb_line_break_holder] -->   <\/div>\n<p><!-- [et_pb_line_break_holder] --> <\/div>\n<p><!-- [et_pb_line_break_holder] -->   <\/p>\n<div class=\"child\"> <!-- [et_pb_line_break_holder] -->\t <\/p>\n<div class=\"card1\"><!-- [et_pb_line_break_holder] -->\t\t <\/p>\n<h4 class=\"titleTxt\"> Spiruline<!\u2013- [et_pb_br_holder] -\u2013><!-- [et_pb_line_break_holder] -->\t\t <\/h4>\n<p><!-- [et_pb_line_break_holder] -->\t\t <a class=\"enquire enquire-now\" id=\"enquire4\" >Renseignez-vous maintenant <i class=\"fa-solid fa-arrow-right\"><\/i><\/a><!-- [et_pb_line_break_holder] -->   <\/div>\n<p><!-- [et_pb_line_break_holder] --> <\/div>\n<p><!-- [et_pb_line_break_holder] -->   <\/div>\n<p>[\/et_pb_code][\/et_pb_column][\/et_pb_row][\/et_pb_section][et_pb_section fb_built=&#8221;1&#8243; admin_label=&#8221;Popup &#8211; #enquire_form&#8221; module_id=&#8221;enquire_form&#8221; module_class=&#8221;popup close-alt&#8221; _builder_version=&#8221;4.21.2&#8243; _module_preset=&#8221;default&#8221; width=&#8221;50%&#8221; width_tablet=&#8221;80%&#8221; width_phone=&#8221;80%&#8221; width_last_edited=&#8221;on|phone&#8221; da_is_popup=&#8221;on&#8221; da_popup_slug=&#8221;enquire_form&#8221; da_alt_close=&#8221;on&#8221; da_disable_devices=&#8221;off|off|off&#8221; global_module=&#8221;3512&#8243; saved_tabs=&#8221;all&#8221; locked=&#8221;off&#8221; global_colors_info=&#8221;{}&#8221; da_exit_intent=&#8221;off&#8221; da_has_close=&#8221;on&#8221; da_dark_close=&#8221;off&#8221; da_not_modal=&#8221;on&#8221; da_is_singular=&#8221;off&#8221; da_with_loader=&#8221;off&#8221; da_has_shadow=&#8221;on&#8221;][et_pb_row custom_padding_last_edited=&#8221;on|phone&#8221; _builder_version=&#8221;4.21.2&#8243; _module_preset=&#8221;default&#8221; custom_padding_tablet=&#8221;&#8221; custom_padding_phone=&#8221;0px||0px||true|false&#8221; global_colors_info=&#8221;{}&#8221;][et_pb_column type=&#8221;4_4&#8243; _builder_version=&#8221;4.21.2&#8243; _module_preset=&#8221;default&#8221; global_colors_info=&#8221;{}&#8221;][et_pb_text _builder_version=&#8221;4.21.2&#8243; _module_preset=&#8221;default&#8221; header_3_font=&#8221;|700|||||||&#8221; header_3_text_align=&#8221;center&#8221; header_3_text_color=&#8221;gcid-582f94ee-3434-4eed-83a6-24e16aa29122&#8243; header_3_font_size=&#8221;38px&#8221; header_3_font_size_tablet=&#8221;30px&#8221; header_3_font_size_phone=&#8221;25px&#8221; header_3_font_size_last_edited=&#8221;on|desktop&#8221; global_colors_info=&#8221;{%22gcid-582f94ee-3434-4eed-83a6-24e16aa29122%22:%91%22header_3_text_color%22%93}&#8221;]<\/p>\n<h3>Renseignez-vous maintenant<\/h3>\n<p>[\/et_pb_text][dsm_contact_form_7 cf7_library=&#8221;2845&#8243; show_validation=&#8221;on&#8221; label_bottom_spacing=&#8221;0px&#8221; button_alignment=&#8221;center&#8221; input_background_color=&#8221;#FFFFFF&#8221; error_msg_background_color=&#8221;RGBA(255,255,255,0)&#8221; validation_error_background_color=&#8221;RGBA(255,255,255,0)&#8221; _builder_version=&#8221;4.21.2&#8243; _module_preset=&#8221;default&#8221; labels_text_color=&#8221;gcid-582f94ee-3434-4eed-83a6-24e16aa29122&#8243; labels_font_size=&#8221;17px&#8221; labels_line_height=&#8221;1.8em&#8221; input_textarea_select_text_color=&#8221;gcid-582f94ee-3434-4eed-83a6-24e16aa29122&#8243; input_textarea_select_font_size=&#8221;16px&#8221; error_msg_font_size=&#8221;13px&#8221; error_validation_text_align=&#8221;center&#8221; error_validation_text_color=&#8221;gcid-91bd2cae-7bd6-416b-aee4-e646934bf3b2&#8243; error_validation_font_size=&#8221;18px&#8221; success_validation_text_align=&#8221;center&#8221; success_validation_text_color=&#8221;gcid-1455a6eb-4de8-49ba-b2cf-e40ffce77e8f&#8221; success_validation_font_size=&#8221;20px&#8221; custom_button_one=&#8221;on&#8221; button_one_text_size=&#8221;17px&#8221; button_one_text_color=&#8221;#FFFFFF&#8221; button_one_bg_color=&#8221;gcid-1455a6eb-4de8-49ba-b2cf-e40ffce77e8f&#8221; button_one_border_width=&#8221;0px&#8221; button_one_font=&#8221;|600||on|||||&#8221; button_one_use_icon=&#8221;off&#8221; button_one_custom_padding=&#8221;10px|30px|10px|30px|true|true&#8221; labels_font_size_tablet=&#8221;16px&#8221; labels_font_size_phone=&#8221;15px&#8221; labels_font_size_last_edited=&#8221;on|desktop&#8221; button_one_text_size_tablet=&#8221;16px&#8221; button_one_text_size_phone=&#8221;15px&#8221; button_one_text_size_last_edited=&#8221;on|desktop&#8221; border_radii=&#8221;off||||&#8221; border_radii_image=&#8221;on|5px|5px|5px|5px&#8221; border_width_all_image=&#8221;1px&#8221; border_color_all_image=&#8221;#919191&#8243; border_color_all_error_msg=&#8221;RGBA(255,255,255,0)&#8221; border_width_all_error_validation=&#8221;0px&#8221; border_width_all_validation_success=&#8221;0px&#8221; border_color_all_validation_success=&#8221;RGBA(255,255,255,0)&#8221; global_colors_info=&#8221;{%22gcid-1455a6eb-4de8-49ba-b2cf-e40ffce77e8f%22:%91%22button_one_bg_color%22,%22success_validation_text_color%22%93,%22gcid-91bd2cae-7bd6-416b-aee4-e646934bf3b2%22:%91%22button_one_bg_color__hover%22,%22error_validation_text_color%22%93,%22gcid-582f94ee-3434-4eed-83a6-24e16aa29122%22:%91%22input_textarea_select_text_color%22,%22labels_text_color%22%93}&#8221; button_one_bg_color__hover_enabled=&#8221;on|desktop&#8221; button_one_bg_color__hover=&#8221;#d86000&#8243; button_one_bg_enable_color__hover=&#8221;on&#8221;][\/dsm_contact_form_7][\/et_pb_column][\/et_pb_row][\/et_pb_section]<\/p>\n","protected":false},"excerpt":{"rendered":"<p><div class=\"et_pb_module dsm_breadcrumbs dsm_breadcrumbs_0\">\n\t\t\t\t\n\t\t\t\t\n\t\t\t\t\n\t\t\t\t\n\t\t\t\t\n\t\t\t\t\n\t\t\t\t<div class=\"et_pb_module_inner\">\n\t\t\t\t\t<nav class=\"dsm_breadcrumbs_wrap\" role=\"navigation\" itemscope=\"\" itemtype=\"http:\/\/schema.org\/SiteNavigationElement\">\n\t\t\t\t<ul class=\"dsm_breadcrumbs\">\n\t\t\t<li class='dsm_breadcrumbs_item dsm_home_item dsm_home_item_custom'>\n\t\t\t\t<a href=\"https:\/\/nhs-swiss.com\/fr\" itemprop=\"url\">\n\t\t\t\t\t<span class='dsm_home_text_wrapper'>\n\t\t\t\t\t\t\t\t\t\t\t\t\t<span class=\"dsm_home_text\" itemprop=\"name\">\n\t\t\t\t\t\t\t\tAccueil\t\t\t\t\t\t\t<\/span>\n\t\t\t\t\t<\/span>\n\t\t\t\t<\/a>\n\t\t\t<\/li>\n\n\t\t<li class=\"dsm_breadcrumbs_separator\"> <span class=\"et-pb-icon dsm_separator_icon\">5<\/span><\/li><\/ul>\n\t\t\t<\/nav>\n\t\t\t\t<\/div>\n\t\t\t<\/div>Nos IngredientsRenseignez-vous maintenant<div class=\"et_pb_module dsm_contact_form_7 dsm_contact_form_7_0\">\n\t\t\t\t\n\t\t\t\t\n\t\t\t\t\n\t\t\t\t\n\t\t\t\t\n\t\t\t\t\n\t\t\t\t<div class=\"et_pb_module_inner\">\n\t\t\t\t\t<div class=\"\">\n\t\t\t\t<p class=\"wpcf7-contact-form-not-found\"><strong>Error:<\/strong> Contact form not found.<\/p>\n\t\t\t<\/div>\n\t\t\t\t<\/div>\n\t\t\t<\/div><\/p>\n","protected":false},"author":1,"featured_media":0,"parent":14,"menu_order":0,"comment_status":"closed","ping_status":"closed","template":"","meta":{"_et_pb_use_builder":"on","_et_pb_old_content":"","_et_gb_content_width":"","footnotes":""},"class_list":["post-1624","page","type-page","status-publish","hentry"],"_links":{"self":[{"href":"https:\/\/nhs-swiss.com\/fr\/wp-json\/wp\/v2\/pages\/1624","targetHints":{"allow":["GET"]}}],"collection":[{"href":"https:\/\/nhs-swiss.com\/fr\/wp-json\/wp\/v2\/pages"}],"about":[{"href":"https:\/\/nhs-swiss.com\/fr\/wp-json\/wp\/v2\/types\/page"}],"author":[{"embeddable":true,"href":"https:\/\/nhs-swiss.com\/fr\/wp-json\/wp\/v2\/users\/1"}],"replies":[{"embeddable":true,"href":"https:\/\/nhs-swiss.com\/fr\/wp-json\/wp\/v2\/comments?post=1624"}],"version-history":[{"count":41,"href":"https:\/\/nhs-swiss.com\/fr\/wp-json\/wp\/v2\/pages\/1624\/revisions"}],"predecessor-version":[{"id":3683,"href":"https:\/\/nhs-swiss.com\/fr\/wp-json\/wp\/v2\/pages\/1624\/revisions\/3683"}],"up":[{"embeddable":true,"href":"https:\/\/nhs-swiss.com\/fr\/wp-json\/wp\/v2\/pages\/14"}],"wp:attachment":[{"href":"https:\/\/nhs-swiss.com\/fr\/wp-json\/wp\/v2\/media?parent=1624"}],"curies":[{"name":"wp","href":"https:\/\/api.w.org\/{rel}","templated":true}]}}